{"id":1258,"date":"2024-04-11T15:08:04","date_gmt":"2024-04-11T15:08:04","guid":{"rendered":"https:\/\/letsboat.se\/afterwork\/"},"modified":"2024-04-22T22:03:42","modified_gmt":"2024-04-22T22:03:42","slug":"afterwork","status":"publish","type":"page","link":"https:\/\/letsboat.se\/de\/afterwork\/","title":{"rendered":"Afterwork"},"content":{"rendered":"\t\t<div data-elementor-type=\"wp-page\" data-elementor-id=\"1258\" class=\"elementor elementor-1258 elementor-1175\" data-elementor-post-type=\"page\">\n\t\t\t\t<div class=\"elementor-element elementor-element-6b914666 e-flex e-con-boxed e-con e-parent\" data-id=\"6b914666\" data-element_type=\"container\" data-settings=\"{&quot;background_background&quot;:&quot;classic&quot;}\">\n\t\t\t\t\t<div class=\"e-con-inner\">\n\t\t<div class=\"elementor-element elementor-element-720da60e e-con-full e-flex e-con e-child\" data-id=\"720da60e\" data-element_type=\"container\">\n\t\t\t\t<div class=\"elementor-element elementor-element-1c7bc6b6 elementor-invisible elementor-widget elementor-widget-heading\" data-id=\"1c7bc6b6\" data-element_type=\"widget\" data-settings=\"{&quot;_animation&quot;:&quot;fadeIn&quot;}\" data-widget_type=\"heading.default\">\n\t\t\t\t<div class=\"elementor-widget-container\">\n\t\t\t\t\t<h1 class=\"elementor-heading-title elementor-size-default\">Afterwork-Party auf unseren Elektrobooten - Make memories with Lets boat!\n\n\n\n<\/h1>\t\t\t\t<\/div>\n\t\t\t\t<\/div>\n\t\t\t\t<div class=\"elementor-element elementor-element-7baf1a2a elementor-widget elementor-widget-text-editor\" data-id=\"7baf1a2a\" data-element_type=\"widget\" data-widget_type=\"text-editor.default\">\n\t\t\t\t<div class=\"elementor-widget-container\">\n\t\t\t\t\t\t\t\t\t<p>Schenken Sie Ihrem Team einen wirklich festlichen Nachmittag mit Lets boat! Unsere Elektroboote sind nicht nur leise und umweltfreundlich, sie eignen sich auch perfekt f\u00fcr eine ausgelassene Afterwork-Party auf dem Wasser. Lassen Sie den Stress der Arbeit hinter sich und lassen Sie die Party beginnen! Genie\u00dfen Sie eine entspannte Atmosph\u00e4re mit Lachen und fr\u00f6hlichen Gespr\u00e4chen, w\u00e4hrend Sie durch die sch\u00f6nen Kan\u00e4le G\u00f6teborgs gleiten. Bringen Sie Ihr Lieblingsgetr\u00e4nk und Ihre Lieblingssnacks mit, legen Sie Ihre Lieblingsmusik auf und schaffen Sie gemeinsam Erinnerungen, die noch lange Zeit in aller Munde sein werden!<\/p>\n\t\t\t\t\t\t\t\t<\/div>\n\t\t\t\t<\/div>\n\t\t\t\t<div class=\"elementor-element elementor-element-ed83d24 elementor-invisible elementor-widget elementor-widget-heading\" data-id=\"ed83d24\" data-element_type=\"widget\" data-settings=\"{&quot;_animation&quot;:&quot;fadeIn&quot;}\" data-widget_type=\"heading.default\">\n\t\t\t\t<div class=\"elementor-widget-container\">\n\t\t\t\t\t<h2 class=\"elementor-heading-title elementor-size-default\">Essen, Trinken und Partystimmung\n<\/h2>\t\t\t\t<\/div>\n\t\t\t\t<\/div>\n\t\t\t\t<div class=\"elementor-element elementor-element-2a438ac4 elementor-widget elementor-widget-text-editor\" data-id=\"2a438ac4\" data-element_type=\"widget\" data-widget_type=\"text-editor.default\">\n\t\t\t\t<div class=\"elementor-widget-container\">\n\t\t\t\t\t\t\t\t\t<p>Auf unserem Elektroboot d\u00fcrfen Sie Essen, Getr\u00e4nke und nat\u00fcrlich auch Alkohol f\u00fcr eine echte Party auf dem Wasser mitbringen! Bringen Sie Snacks mit und sorgen Sie daf\u00fcr, dass die Getr\u00e4nke w\u00e4hrend der Fahrt nicht ausgehen. Lachen und eine festliche Atmosph\u00e4re garantieren einen unvergesslichen Moment mit Ihrem Team. Ein Tipp: Besorgen Sie sich auch Musik &#8211; erstellen Sie Ihre eigene Playlist, um die perfekte Stimmung zu schaffen! Buchen Sie noch heute Ihre After-Work-Party bei Lets boat und lassen Sie das Abenteuer auf rollenden Gew\u00e4ssern beginnen! Wir k\u00f6nnen Ihnen auch dabei helfen, spezielle Arrangements zu treffen, die Ihren W\u00fcnschen und Bed\u00fcrfnissen entsprechen, so dass Sie sich auf eine sch\u00f6ne gemeinsame Zeit konzentrieren k\u00f6nnen.<\/p>\n\t\t\t\t\t\t\t\t<\/div>\n\t\t\t\t<\/div>\n\t\t\t\t<div class=\"elementor-element elementor-element-5b2a58b elementor-widget elementor-widget-text-editor\" data-id=\"5b2a58b\" data-element_type=\"widget\" data-widget_type=\"text-editor.default\">\n\t\t\t\t<div class=\"elementor-widget-container\">\n\t\t\t\t\t\t\t\t\t<p>F\u00fcr das ultimative Erlebnis sollten Sie lustige Aktivit\u00e4ten wie ein Bootsrennen oder ein Quiz \u00fcber die Geschichte G\u00f6teborgs einplanen. Bringen Sie Ihre Kameras mit, um die gl\u00fccklichen Momente festzuhalten und Erinnerungen zu schaffen, die Sie in den sozialen Medien teilen k\u00f6nnen. Sie m\u00f6chten Ihre Party noch unvergesslicher machen? Engagieren Sie einen professionellen Fotografen, der die Momente festh\u00e4lt, w\u00e4hrend Sie den Sonnenuntergang \u00fcber der Skyline der Stadt genie\u00dfen. Warum lassen Sie den Abend nach Sonnenuntergang nicht in einem der beliebten Hafenrestaurants von G\u00f6teborg ausklingen? Bei Lets boat geben wir Ihnen alle Mittel an die Hand, um Ihren Feierabend zu einem unvergesslichen Erlebnis zu machen!<\/p>\n\t\t\t\t\t\t\t\t<\/div>\n\t\t\t\t<\/div>\n\t\t\t\t<\/div>\n\t\t<div class=\"elementor-element elementor-element-691f24b9 e-con-full e-flex e-con e-child\" data-id=\"691f24b9\" data-element_type=\"container\">\n\t\t\t\t<div class=\"elementor-element elementor-element-31c60f8a elementor-widget elementor-widget-image\" data-id=\"31c60f8a\" data-element_type=\"widget\" data-widget_type=\"image.default\">\n\t\t\t\t<div class=\"elementor-widget-container\">\n\t\t\t\t\t\t\t\t\t\t\t\t\t\t\t<img fetchpriority=\"high\" decoding=\"async\" width=\"800\" height=\"567\" src=\"https:\/\/letsboat.se\/wp-content\/uploads\/2024\/04\/letsboat-pictures-5-1024x726.jpg\" class=\"attachment-large size-large wp-image-1180\" alt=\"En festlig afterwork p\u00e5 en av v\u00e5ra elb\u00e5tar!\" srcset=\"https:\/\/letsboat.se\/wp-content\/uploads\/2024\/04\/letsboat-pictures-5-1024x726.jpg 1024w, https:\/\/letsboat.se\/wp-content\/uploads\/2024\/04\/letsboat-pictures-5-300x213.jpg 300w, https:\/\/letsboat.se\/wp-content\/uploads\/2024\/04\/letsboat-pictures-5-768x545.jpg 768w, https:\/\/letsboat.se\/wp-content\/uploads\/2024\/04\/letsboat-pictures-5-1536x1090.jpg 1536w, https:\/\/letsboat.se\/wp-content\/uploads\/2024\/04\/letsboat-pictures-5.jpg 1748w\" sizes=\"(max-width: 800px) 100vw, 800px\" \/>\t\t\t\t\t\t\t\t\t\t\t\t\t\t\t<\/div>\n\t\t\t\t<\/div>\n\t\t\t\t<\/div>\n\t\t\t\t\t<\/div>\n\t\t\t\t<\/div>\n\t\t<div class=\"elementor-element elementor-element-3a561310 e-flex e-con-boxed e-con e-parent\" data-id=\"3a561310\" data-element_type=\"container\" data-settings=\"{&quot;background_background&quot;:&quot;gradient&quot;,&quot;shape_divider_top&quot;:&quot;waves&quot;}\">\n\t\t\t\t\t<div class=\"e-con-inner\">\n\t\t\t\t<div class=\"elementor-shape elementor-shape-top\" aria-hidden=\"true\" data-negative=\"false\">\n\t\t\t<svg xmlns=\"http:\/\/www.w3.org\/2000\/svg\" viewBox=\"0 0 1000 100\" preserveAspectRatio=\"none\">\n\t<path class=\"elementor-shape-fill\" d=\"M421.9,6.5c22.6-2.5,51.5,0.4,75.5,5.3c23.6,4.9,70.9,23.5,100.5,35.7c75.8,32.2,133.7,44.5,192.6,49.7\n\tc23.6,2.1,48.7,3.5,103.4-2.5c54.7-6,106.2-25.6,106.2-25.6V0H0v30.3c0,0,72,32.6,158.4,30.5c39.2-0.7,92.8-6.7,134-22.4\n\tc21.2-8.1,52.2-18.2,79.7-24.2C399.3,7.9,411.6,7.5,421.9,6.5z\"\/>\n<\/svg>\t\t<\/div>\n\t\t<div class=\"elementor-element elementor-element-2bb710ed e-con-full e-flex e-con e-child\" data-id=\"2bb710ed\" data-element_type=\"container\">\n\t\t\t\t<div class=\"elementor-element elementor-element-604f538e elementor-widget elementor-widget-heading\" data-id=\"604f538e\" data-element_type=\"widget\" data-widget_type=\"heading.default\">\n\t\t\t\t<div class=\"elementor-widget-container\">\n\t\t\t\t\t<h4 class=\"elementor-heading-title elementor-size-default\">M\u00f6chten Sie mehr erfahren?<\/h4>\t\t\t\t<\/div>\n\t\t\t\t<\/div>\n\t\t\t\t<div class=\"elementor-element elementor-element-5bb5fc13 elementor-mobile-align-center elementor-widget elementor-widget-button\" data-id=\"5bb5fc13\" data-element_type=\"widget\" data-widget_type=\"button.default\">\n\t\t\t\t<div class=\"elementor-widget-container\">\n\t\t\t\t\t\t\t\t\t<div class=\"elementor-button-wrapper\">\n\t\t\t\t\t<a class=\"elementor-button elementor-button-link elementor-size-md\" href=\"https:\/\/letsboat.se\/de\/mieten-sie-ein-boot-in-goeteborg\/\">\n\t\t\t\t\t\t<span class=\"elementor-button-content-wrapper\">\n\t\t\t\t\t\t<span class=\"elementor-button-icon\">\n\t\t\t\t<svg aria-hidden=\"true\" class=\"e-font-icon-svg e-fas-arrow-right\" viewBox=\"0 0 448 512\" xmlns=\"http:\/\/www.w3.org\/2000\/svg\"><path d=\"M190.5 66.9l22.2-22.2c9.4-9.4 24.6-9.4 33.9 0L441 239c9.4 9.4 9.4 24.6 0 33.9L246.6 467.3c-9.4 9.4-24.6 9.4-33.9 0l-22.2-22.2c-9.5-9.5-9.3-25 .4-34.3L311.4 296H24c-13.3 0-24-10.7-24-24v-32c0-13.3 10.7-24 24-24h287.4L190.9 101.2c-9.8-9.3-10-24.8-.4-34.3z\"><\/path><\/svg>\t\t\t<\/span>\n\t\t\t\t\t\t\t\t\t<span class=\"elementor-button-text\">Mehr lesen<\/span>\n\t\t\t\t\t<\/span>\n\t\t\t\t\t<\/a>\n\t\t\t\t<\/div>\n\t\t\t\t\t\t\t\t<\/div>\n\t\t\t\t<\/div>\n\t\t\t\t<\/div>\n\t\t<div class=\"elementor-element elementor-element-5abdac3e e-con-full e-flex e-con e-child\" data-id=\"5abdac3e\" data-element_type=\"container\">\n\t\t\t\t<div class=\"elementor-element elementor-element-7c74c449 elementor-widget elementor-widget-image\" data-id=\"7c74c449\" data-element_type=\"widget\" data-settings=\"{&quot;motion_fx_motion_fx_scrolling&quot;:&quot;yes&quot;,&quot;motion_fx_translateY_effect&quot;:&quot;yes&quot;,&quot;motion_fx_translateY_direction&quot;:&quot;negative&quot;,&quot;motion_fx_translateY_speed&quot;:{&quot;unit&quot;:&quot;px&quot;,&quot;size&quot;:&quot;1&quot;,&quot;sizes&quot;:[]},&quot;motion_fx_devices&quot;:[&quot;desktop&quot;,&quot;tablet&quot;],&quot;motion_fx_translateY_affectedRange&quot;:{&quot;unit&quot;:&quot;%&quot;,&quot;size&quot;:&quot;&quot;,&quot;sizes&quot;:{&quot;start&quot;:&quot;0&quot;,&quot;end&quot;:&quot;50&quot;}}}\" data-widget_type=\"image.default\">\n\t\t\t\t<div class=\"elementor-widget-container\">\n\t\t\t\t\t\t\t\t\t\t\t\t\t\t\t<img decoding=\"async\" width=\"2560\" height=\"1707\" src=\"https:\/\/letsboat.se\/wp-content\/uploads\/2024\/03\/MG_7541-min-scaled-1.jpg\" class=\"attachment-full size-full wp-image-1413\" alt=\"\" srcset=\"https:\/\/letsboat.se\/wp-content\/uploads\/2024\/03\/MG_7541-min-scaled-1.jpg 2560w, https:\/\/letsboat.se\/wp-content\/uploads\/2024\/03\/MG_7541-min-scaled-1-300x200.jpg 300w, https:\/\/letsboat.se\/wp-content\/uploads\/2024\/03\/MG_7541-min-scaled-1-1024x683.jpg 1024w, https:\/\/letsboat.se\/wp-content\/uploads\/2024\/03\/MG_7541-min-scaled-1-768x512.jpg 768w, https:\/\/letsboat.se\/wp-content\/uploads\/2024\/03\/MG_7541-min-scaled-1-1536x1024.jpg 1536w, https:\/\/letsboat.se\/wp-content\/uploads\/2024\/03\/MG_7541-min-scaled-1-2048x1366.jpg 2048w\" sizes=\"(max-width: 2560px) 100vw, 2560px\" \/>\t\t\t\t\t\t\t\t\t\t\t\t\t\t\t<\/div>\n\t\t\t\t<\/div>\n\t\t\t\t<\/div>\n\t\t\t\t\t<\/div>\n\t\t\t\t<\/div>\n\t\t\t\t<\/div>\n\t\t","protected":false},"excerpt":{"rendered":"<p>Afterwork-Party auf unseren Elektrobooten &#8211; Make memories with Lets boat! Schenken Sie Ihrem Team einen wirklich festlichen Nachmittag mit Lets boat! Unsere Elektroboote sind nicht nur leise und umweltfreundlich, sie eignen sich auch perfekt f\u00fcr eine ausgelassene Afterwork-Party auf dem Wasser. Lassen Sie den Stress der Arbeit hinter sich und lassen Sie die Party beginnen! [&hellip;]<\/p>\n","protected":false},"author":1,"featured_media":0,"parent":0,"menu_order":0,"comment_status":"closed","ping_status":"closed","template":"","meta":{"footnotes":""},"class_list":["post-1258","page","type-page","status-publish","hentry"],"yoast_head":"<!-- This site is optimized with the Yoast SEO plugin v25.3.1 - https:\/\/yoast.com\/wordpress\/plugins\/seo\/ -->\n<title>Afterwork - Let&#039;s Boat<\/title>\n<meta name=\"description\" content=\"Schenken Sie Ihrem Team einen wirklich festlichen Feierabend mit Lets boat! Erleben Sie G\u00f6teborg mit Ihren Kollegen vom Wasser aus.\" \/>\n<meta name=\"robots\" content=\"index, follow, max-snippet:-1, max-image-preview:large, max-video-preview:-1\" \/>\n<link rel=\"canonical\" href=\"https:\/\/letsboat.se\/de\/afterwork\/\" \/>\n<meta property=\"og:locale\" content=\"de_DE\" \/>\n<meta property=\"og:type\" content=\"article\" \/>\n<meta property=\"og:title\" content=\"Afterwork - Let&#039;s Boat\" \/>\n<meta property=\"og:description\" content=\"Schenken Sie Ihrem Team einen wirklich festlichen Feierabend mit Lets boat! Erleben Sie G\u00f6teborg mit Ihren Kollegen vom Wasser aus.\" \/>\n<meta property=\"og:url\" content=\"https:\/\/letsboat.se\/de\/afterwork\/\" \/>\n<meta property=\"og:site_name\" content=\"Let&#039;s Boat\" \/>\n<meta property=\"article:publisher\" content=\"https:\/\/www.facebook.com\/Letsboatgoteborg\" \/>\n<meta property=\"article:modified_time\" content=\"2024-04-22T22:03:42+00:00\" \/>\n<meta property=\"og:image\" content=\"https:\/\/letsboat.se\/wp-content\/uploads\/2024\/04\/letsboat-pictures-5-1024x726.jpg\" \/>\n<meta name=\"twitter:card\" content=\"summary_large_image\" \/>\n<meta name=\"twitter:label1\" content=\"Gesch\u00e4tzte Lesezeit\" \/>\n\t<meta name=\"twitter:data1\" content=\"3\u00a0Minuten\" \/>\n<script type=\"application\/ld+json\" class=\"yoast-schema-graph\">{\"@context\":\"https:\/\/schema.org\",\"@graph\":[{\"@type\":\"WebPage\",\"@id\":\"https:\/\/letsboat.se\/de\/afterwork\/\",\"url\":\"https:\/\/letsboat.se\/de\/afterwork\/\",\"name\":\"Afterwork - Let&#039;s Boat\",\"isPartOf\":{\"@id\":\"https:\/\/letsboat.se\/de\/#website\"},\"primaryImageOfPage\":{\"@id\":\"https:\/\/letsboat.se\/de\/afterwork\/#primaryimage\"},\"image\":{\"@id\":\"https:\/\/letsboat.se\/de\/afterwork\/#primaryimage\"},\"thumbnailUrl\":\"https:\/\/letsboat.se\/wp-content\/uploads\/2024\/04\/letsboat-pictures-5-1024x726.jpg\",\"datePublished\":\"2024-04-11T15:08:04+00:00\",\"dateModified\":\"2024-04-22T22:03:42+00:00\",\"description\":\"Schenken Sie Ihrem Team einen wirklich festlichen Feierabend mit Lets boat! Erleben Sie G\u00f6teborg mit Ihren Kollegen vom Wasser aus.\",\"breadcrumb\":{\"@id\":\"https:\/\/letsboat.se\/de\/afterwork\/#breadcrumb\"},\"inLanguage\":\"de\",\"potentialAction\":[{\"@type\":\"ReadAction\",\"target\":[\"https:\/\/letsboat.se\/de\/afterwork\/\"]}]},{\"@type\":\"ImageObject\",\"inLanguage\":\"de\",\"@id\":\"https:\/\/letsboat.se\/de\/afterwork\/#primaryimage\",\"url\":\"https:\/\/letsboat.se\/wp-content\/uploads\/2024\/04\/letsboat-pictures-5-1024x726.jpg\",\"contentUrl\":\"https:\/\/letsboat.se\/wp-content\/uploads\/2024\/04\/letsboat-pictures-5-1024x726.jpg\"},{\"@type\":\"BreadcrumbList\",\"@id\":\"https:\/\/letsboat.se\/de\/afterwork\/#breadcrumb\",\"itemListElement\":[{\"@type\":\"ListItem\",\"position\":1,\"name\":\"Home\",\"item\":\"https:\/\/letsboat.se\/de\/\"},{\"@type\":\"ListItem\",\"position\":2,\"name\":\"Afterwork\"}]},{\"@type\":\"WebSite\",\"@id\":\"https:\/\/letsboat.se\/de\/#website\",\"url\":\"https:\/\/letsboat.se\/de\/\",\"name\":\"Let's Boat\",\"description\":\"Styr din egen elektriska b\u00e5t i G\u00f6teborgs kanaler\",\"publisher\":{\"@id\":\"https:\/\/letsboat.se\/de\/#organization\"},\"potentialAction\":[{\"@type\":\"SearchAction\",\"target\":{\"@type\":\"EntryPoint\",\"urlTemplate\":\"https:\/\/letsboat.se\/de\/?s={search_term_string}\"},\"query-input\":{\"@type\":\"PropertyValueSpecification\",\"valueRequired\":true,\"valueName\":\"search_term_string\"}}],\"inLanguage\":\"de\"},{\"@type\":\"Organization\",\"@id\":\"https:\/\/letsboat.se\/de\/#organization\",\"name\":\"Let's Boat\",\"url\":\"https:\/\/letsboat.se\/de\/\",\"logo\":{\"@type\":\"ImageObject\",\"inLanguage\":\"de\",\"@id\":\"https:\/\/letsboat.se\/de\/#\/schema\/logo\/image\/\",\"url\":\"https:\/\/letsboat.se\/wp-content\/uploads\/2024\/03\/Lets-boat-blue-long.png\",\"contentUrl\":\"https:\/\/letsboat.se\/wp-content\/uploads\/2024\/03\/Lets-boat-blue-long.png\",\"width\":1104,\"height\":284,\"caption\":\"Let's Boat\"},\"image\":{\"@id\":\"https:\/\/letsboat.se\/de\/#\/schema\/logo\/image\/\"},\"sameAs\":[\"https:\/\/www.facebook.com\/Letsboatgoteborg\",\"https:\/\/www.instagram.com\/letsboatgoteborg\/\"]}]}<\/script>\n<!-- \/ Yoast SEO plugin. -->","yoast_head_json":{"title":"Afterwork - Let&#039;s Boat","description":"Schenken Sie Ihrem Team einen wirklich festlichen Feierabend mit Lets boat! Erleben Sie G\u00f6teborg mit Ihren Kollegen vom Wasser aus.","robots":{"index":"index","follow":"follow","max-snippet":"max-snippet:-1","max-image-preview":"max-image-preview:large","max-video-preview":"max-video-preview:-1"},"canonical":"https:\/\/letsboat.se\/de\/afterwork\/","og_locale":"de_DE","og_type":"article","og_title":"Afterwork - Let&#039;s Boat","og_description":"Schenken Sie Ihrem Team einen wirklich festlichen Feierabend mit Lets boat! Erleben Sie G\u00f6teborg mit Ihren Kollegen vom Wasser aus.","og_url":"https:\/\/letsboat.se\/de\/afterwork\/","og_site_name":"Let&#039;s Boat","article_publisher":"https:\/\/www.facebook.com\/Letsboatgoteborg","article_modified_time":"2024-04-22T22:03:42+00:00","og_image":[{"url":"https:\/\/letsboat.se\/wp-content\/uploads\/2024\/04\/letsboat-pictures-5-1024x726.jpg","type":"","width":"","height":""}],"twitter_card":"summary_large_image","twitter_misc":{"Gesch\u00e4tzte Lesezeit":"3\u00a0Minuten"},"schema":{"@context":"https:\/\/schema.org","@graph":[{"@type":"WebPage","@id":"https:\/\/letsboat.se\/de\/afterwork\/","url":"https:\/\/letsboat.se\/de\/afterwork\/","name":"Afterwork - Let&#039;s Boat","isPartOf":{"@id":"https:\/\/letsboat.se\/de\/#website"},"primaryImageOfPage":{"@id":"https:\/\/letsboat.se\/de\/afterwork\/#primaryimage"},"image":{"@id":"https:\/\/letsboat.se\/de\/afterwork\/#primaryimage"},"thumbnailUrl":"https:\/\/letsboat.se\/wp-content\/uploads\/2024\/04\/letsboat-pictures-5-1024x726.jpg","datePublished":"2024-04-11T15:08:04+00:00","dateModified":"2024-04-22T22:03:42+00:00","description":"Schenken Sie Ihrem Team einen wirklich festlichen Feierabend mit Lets boat! Erleben Sie G\u00f6teborg mit Ihren Kollegen vom Wasser aus.","breadcrumb":{"@id":"https:\/\/letsboat.se\/de\/afterwork\/#breadcrumb"},"inLanguage":"de","potentialAction":[{"@type":"ReadAction","target":["https:\/\/letsboat.se\/de\/afterwork\/"]}]},{"@type":"ImageObject","inLanguage":"de","@id":"https:\/\/letsboat.se\/de\/afterwork\/#primaryimage","url":"https:\/\/letsboat.se\/wp-content\/uploads\/2024\/04\/letsboat-pictures-5-1024x726.jpg","contentUrl":"https:\/\/letsboat.se\/wp-content\/uploads\/2024\/04\/letsboat-pictures-5-1024x726.jpg"},{"@type":"BreadcrumbList","@id":"https:\/\/letsboat.se\/de\/afterwork\/#breadcrumb","itemListElement":[{"@type":"ListItem","position":1,"name":"Home","item":"https:\/\/letsboat.se\/de\/"},{"@type":"ListItem","position":2,"name":"Afterwork"}]},{"@type":"WebSite","@id":"https:\/\/letsboat.se\/de\/#website","url":"https:\/\/letsboat.se\/de\/","name":"Let's Boat","description":"Styr din egen elektriska b\u00e5t i G\u00f6teborgs kanaler","publisher":{"@id":"https:\/\/letsboat.se\/de\/#organization"},"potentialAction":[{"@type":"SearchAction","target":{"@type":"EntryPoint","urlTemplate":"https:\/\/letsboat.se\/de\/?s={search_term_string}"},"query-input":{"@type":"PropertyValueSpecification","valueRequired":true,"valueName":"search_term_string"}}],"inLanguage":"de"},{"@type":"Organization","@id":"https:\/\/letsboat.se\/de\/#organization","name":"Let's Boat","url":"https:\/\/letsboat.se\/de\/","logo":{"@type":"ImageObject","inLanguage":"de","@id":"https:\/\/letsboat.se\/de\/#\/schema\/logo\/image\/","url":"https:\/\/letsboat.se\/wp-content\/uploads\/2024\/03\/Lets-boat-blue-long.png","contentUrl":"https:\/\/letsboat.se\/wp-content\/uploads\/2024\/03\/Lets-boat-blue-long.png","width":1104,"height":284,"caption":"Let's Boat"},"image":{"@id":"https:\/\/letsboat.se\/de\/#\/schema\/logo\/image\/"},"sameAs":["https:\/\/www.facebook.com\/Letsboatgoteborg","https:\/\/www.instagram.com\/letsboatgoteborg\/"]}]}},"_links":{"self":[{"href":"https:\/\/letsboat.se\/de\/wp-json\/wp\/v2\/pages\/1258","targetHints":{"allow":["GET"]}}],"collection":[{"href":"https:\/\/letsboat.se\/de\/wp-json\/wp\/v2\/pages"}],"about":[{"href":"https:\/\/letsboat.se\/de\/wp-json\/wp\/v2\/types\/page"}],"author":[{"embeddable":true,"href":"https:\/\/letsboat.se\/de\/wp-json\/wp\/v2\/users\/1"}],"replies":[{"embeddable":true,"href":"https:\/\/letsboat.se\/de\/wp-json\/wp\/v2\/comments?post=1258"}],"version-history":[{"count":21,"href":"https:\/\/letsboat.se\/de\/wp-json\/wp\/v2\/pages\/1258\/revisions"}],"predecessor-version":[{"id":2015,"href":"https:\/\/letsboat.se\/de\/wp-json\/wp\/v2\/pages\/1258\/revisions\/2015"}],"wp:attachment":[{"href":"https:\/\/letsboat.se\/de\/wp-json\/wp\/v2\/media?parent=1258"}],"curies":[{"name":"wp","href":"https:\/\/api.w.org\/{rel}","templated":true}]}}