{"id":1439,"date":"2024-04-11T14:48:14","date_gmt":"2024-04-11T14:48:14","guid":{"rendered":"https:\/\/letsboat.se\/teambuilding\/"},"modified":"2024-04-22T22:04:12","modified_gmt":"2024-04-22T22:04:12","slug":"teambuilding","status":"publish","type":"page","link":"https:\/\/letsboat.se\/de\/teambuilding\/","title":{"rendered":"Teambuilding"},"content":{"rendered":"\t\t<div data-elementor-type=\"wp-page\" data-elementor-id=\"1439\" class=\"elementor elementor-1439 elementor-1143\" data-elementor-post-type=\"page\">\n\t\t\t\t<div class=\"elementor-element elementor-element-6b914666 e-flex e-con-boxed e-con e-parent\" data-id=\"6b914666\" data-element_type=\"container\" data-settings=\"{&quot;background_background&quot;:&quot;classic&quot;}\">\n\t\t\t\t\t<div class=\"e-con-inner\">\n\t\t<div class=\"elementor-element elementor-element-720da60e e-con-full e-flex e-con e-child\" data-id=\"720da60e\" data-element_type=\"container\">\n\t\t\t\t<div class=\"elementor-element elementor-element-1c7bc6b6 elementor-invisible elementor-widget elementor-widget-heading\" data-id=\"1c7bc6b6\" data-element_type=\"widget\" data-settings=\"{&quot;_animation&quot;:&quot;fadeIn&quot;}\" data-widget_type=\"heading.default\">\n\t\t\t\t<div class=\"elementor-widget-container\">\n\t\t\t\t\t<h1 class=\"elementor-heading-title elementor-size-default\">Teambuilding auf unseren Elektrobooten - schaffen Sie starke Bindungen mit Lets boat!<\/h1>\t\t\t\t<\/div>\n\t\t\t\t<\/div>\n\t\t\t\t<div class=\"elementor-element elementor-element-7baf1a2a elementor-widget elementor-widget-text-editor\" data-id=\"7baf1a2a\" data-element_type=\"widget\" data-widget_type=\"text-editor.default\">\n\t\t\t\t<div class=\"elementor-widget-container\">\n\t\t\t\t\t\t\t\t\t<p>Schenken Sie Ihrem Team einen unvergesslichen Tag mit Lets Boat! Unsere Elektroboote sind ideal f\u00fcr Teambuilding in G\u00f6teborg. Genie\u00dfen Sie das Gleiten auf wundersch\u00f6nen Gew\u00e4ssern und schaffen Sie starke Bindungen und bleibende Erinnerungen. Auf unseren Elektrobooten k\u00f6nnen Sie Essen, Getr\u00e4nke und sogar Alkohol mitbringen, um den Tag zu etwas ganz Besonderem zu machen. Buchen Sie noch heute Ihren Teambuilding-Tag bei Lets Boat und lassen Sie das Abenteuer beginnen! Mit Lets Boat erhalten Sie ein einzigartiges Erlebnis und einen Tag voller Zusammenarbeit und Freude auf den sch\u00f6nen Gew\u00e4ssern von G\u00f6teborg! Denken Sie daran, dass unser Team Ihnen mit allen notwendigen Informationen und Hilfestellungen zur Verf\u00fcgung steht, um Ihren Tag so reibungslos und angenehm wie m\u00f6glich zu gestalten.<\/p>\n\t\t\t\t\t\t\t\t<\/div>\n\t\t\t\t<\/div>\n\t\t\t\t<div class=\"elementor-element elementor-element-ed83d24 elementor-invisible elementor-widget elementor-widget-heading\" data-id=\"ed83d24\" data-element_type=\"widget\" data-settings=\"{&quot;_animation&quot;:&quot;fadeIn&quot;}\" data-widget_type=\"heading.default\">\n\t\t\t\t<div class=\"elementor-widget-container\">\n\t\t\t\t\t<h2 class=\"elementor-heading-title elementor-size-default\">Bringen Sie Ihr Picknick und Ihr Lachen mit\n\n<\/h2>\t\t\t\t<\/div>\n\t\t\t\t<\/div>\n\t\t\t\t<div class=\"elementor-element elementor-element-2a438ac4 elementor-widget elementor-widget-text-editor\" data-id=\"2a438ac4\" data-element_type=\"widget\" data-widget_type=\"text-editor.default\">\n\t\t\t\t<div class=\"elementor-widget-container\">\n\t\t\t\t\t\t\t\t\t<p>Auf unserem Elektroboot d\u00fcrfen Sie Speisen und Getr\u00e4nke mitbringen, auch Alkohol, wenn Sie m\u00f6chten. Schaffen Sie eine tolle Atmosph\u00e4re mit Snacks und genie\u00dfen Sie die Kameradschaft, w\u00e4hrend Sie auf dem Wasser unterwegs sind. Lachen und Freude sind die Garantie f\u00fcr einen unvergesslichen Tag mit Ihrem Team. Buchen Sie noch heute Ihr Teambuilding bei Lets Boat und lassen Sie das Abenteuer auf den Gew\u00e4ssern beginnen! Unser Team steht Ihnen mit allen notwendigen Informationen und Hilfestellungen zur Verf\u00fcgung, um Ihren Tag so reibungslos und angenehm wie m\u00f6glich zu gestalten. Mit Lets Boat bekommen Sie ein einzigartiges und aufregendes Erlebnis auf G\u00f6teborgs sch\u00f6nem Wasser! Entdecken Sie unsere Teambuilding-M\u00f6glichkeiten in G\u00f6teborg und schaffen Sie starke Bindungen mit Lets Boat!<\/p>\n\t\t\t\t\t\t\t\t<\/div>\n\t\t\t\t<\/div>\n\t\t\t\t<\/div>\n\t\t<div class=\"elementor-element elementor-element-691f24b9 e-con-full e-flex e-con e-child\" data-id=\"691f24b9\" data-element_type=\"container\">\n\t\t\t\t<div class=\"elementor-element elementor-element-31c60f8a elementor-widget elementor-widget-image\" data-id=\"31c60f8a\" data-element_type=\"widget\" data-widget_type=\"image.default\">\n\t\t\t\t<div class=\"elementor-widget-container\">\n\t\t\t\t\t\t\t\t\t\t\t\t\t\t\t<img fetchpriority=\"high\" decoding=\"async\" width=\"800\" height=\"567\" src=\"https:\/\/letsboat.se\/wp-content\/uploads\/2024\/04\/letsboat-pictures-2-1-1024x726.jpg\" class=\"attachment-large size-large wp-image-1148\" alt=\"Teambuilding p\u00e5 havet med v\u00e5ra elb\u00e5tar!\" srcset=\"https:\/\/letsboat.se\/wp-content\/uploads\/2024\/04\/letsboat-pictures-2-1-1024x726.jpg 1024w, https:\/\/letsboat.se\/wp-content\/uploads\/2024\/04\/letsboat-pictures-2-1-300x213.jpg 300w, https:\/\/letsboat.se\/wp-content\/uploads\/2024\/04\/letsboat-pictures-2-1-768x545.jpg 768w, https:\/\/letsboat.se\/wp-content\/uploads\/2024\/04\/letsboat-pictures-2-1-1536x1090.jpg 1536w, https:\/\/letsboat.se\/wp-content\/uploads\/2024\/04\/letsboat-pictures-2-1.jpg 1748w\" sizes=\"(max-width: 800px) 100vw, 800px\" \/>\t\t\t\t\t\t\t\t\t\t\t\t\t\t\t<\/div>\n\t\t\t\t<\/div>\n\t\t\t\t<\/div>\n\t\t\t\t\t<\/div>\n\t\t\t\t<\/div>\n\t\t<div class=\"elementor-element elementor-element-1ec7b4f2 e-flex e-con-boxed e-con e-parent\" data-id=\"1ec7b4f2\" data-element_type=\"container\" data-settings=\"{&quot;background_background&quot;:&quot;gradient&quot;,&quot;shape_divider_top&quot;:&quot;waves&quot;}\">\n\t\t\t\t\t<div class=\"e-con-inner\">\n\t\t\t\t<div class=\"elementor-shape elementor-shape-top\" aria-hidden=\"true\" data-negative=\"false\">\n\t\t\t<svg xmlns=\"http:\/\/www.w3.org\/2000\/svg\" viewBox=\"0 0 1000 100\" preserveAspectRatio=\"none\">\n\t<path class=\"elementor-shape-fill\" d=\"M421.9,6.5c22.6-2.5,51.5,0.4,75.5,5.3c23.6,4.9,70.9,23.5,100.5,35.7c75.8,32.2,133.7,44.5,192.6,49.7\n\tc23.6,2.1,48.7,3.5,103.4-2.5c54.7-6,106.2-25.6,106.2-25.6V0H0v30.3c0,0,72,32.6,158.4,30.5c39.2-0.7,92.8-6.7,134-22.4\n\tc21.2-8.1,52.2-18.2,79.7-24.2C399.3,7.9,411.6,7.5,421.9,6.5z\"\/>\n<\/svg>\t\t<\/div>\n\t\t<div class=\"elementor-element elementor-element-33d0f165 e-con-full e-flex e-con e-child\" data-id=\"33d0f165\" data-element_type=\"container\">\n\t\t\t\t<div class=\"elementor-element elementor-element-3640d966 elementor-widget elementor-widget-heading\" data-id=\"3640d966\" data-element_type=\"widget\" data-widget_type=\"heading.default\">\n\t\t\t\t<div class=\"elementor-widget-container\">\n\t\t\t\t\t<h4 class=\"elementor-heading-title elementor-size-default\">M\u00f6chten Sie mehr erfahren?<\/h4>\t\t\t\t<\/div>\n\t\t\t\t<\/div>\n\t\t\t\t<div class=\"elementor-element elementor-element-6b9e447a elementor-mobile-align-center elementor-widget elementor-widget-button\" data-id=\"6b9e447a\" data-element_type=\"widget\" data-widget_type=\"button.default\">\n\t\t\t\t<div class=\"elementor-widget-container\">\n\t\t\t\t\t\t\t\t\t<div class=\"elementor-button-wrapper\">\n\t\t\t\t\t<a class=\"elementor-button elementor-button-link elementor-size-md\" href=\"https:\/\/letsboat.nokmi.se\/de\/mieten-sie-ein-boot-in-goeteborg\/\">\n\t\t\t\t\t\t<span class=\"elementor-button-content-wrapper\">\n\t\t\t\t\t\t<span class=\"elementor-button-icon\">\n\t\t\t\t<svg aria-hidden=\"true\" class=\"e-font-icon-svg e-fas-arrow-right\" viewBox=\"0 0 448 512\" xmlns=\"http:\/\/www.w3.org\/2000\/svg\"><path d=\"M190.5 66.9l22.2-22.2c9.4-9.4 24.6-9.4 33.9 0L441 239c9.4 9.4 9.4 24.6 0 33.9L246.6 467.3c-9.4 9.4-24.6 9.4-33.9 0l-22.2-22.2c-9.5-9.5-9.3-25 .4-34.3L311.4 296H24c-13.3 0-24-10.7-24-24v-32c0-13.3 10.7-24 24-24h287.4L190.9 101.2c-9.8-9.3-10-24.8-.4-34.3z\"><\/path><\/svg>\t\t\t<\/span>\n\t\t\t\t\t\t\t\t\t<span class=\"elementor-button-text\">Mehr lesen<\/span>\n\t\t\t\t\t<\/span>\n\t\t\t\t\t<\/a>\n\t\t\t\t<\/div>\n\t\t\t\t\t\t\t\t<\/div>\n\t\t\t\t<\/div>\n\t\t\t\t<\/div>\n\t\t<div class=\"elementor-element elementor-element-4e77e094 e-con-full e-flex e-con e-child\" data-id=\"4e77e094\" data-element_type=\"container\">\n\t\t\t\t<div class=\"elementor-element elementor-element-608594c7 elementor-widget elementor-widget-image\" data-id=\"608594c7\" data-element_type=\"widget\" data-settings=\"{&quot;motion_fx_motion_fx_scrolling&quot;:&quot;yes&quot;,&quot;motion_fx_translateY_effect&quot;:&quot;yes&quot;,&quot;motion_fx_translateY_direction&quot;:&quot;negative&quot;,&quot;motion_fx_translateY_speed&quot;:{&quot;unit&quot;:&quot;px&quot;,&quot;size&quot;:&quot;1&quot;,&quot;sizes&quot;:[]},&quot;motion_fx_devices&quot;:[&quot;desktop&quot;,&quot;tablet&quot;],&quot;motion_fx_translateY_affectedRange&quot;:{&quot;unit&quot;:&quot;%&quot;,&quot;size&quot;:&quot;&quot;,&quot;sizes&quot;:{&quot;start&quot;:&quot;0&quot;,&quot;end&quot;:&quot;50&quot;}}}\" data-widget_type=\"image.default\">\n\t\t\t\t<div class=\"elementor-widget-container\">\n\t\t\t\t\t\t\t\t\t\t\t\t\t\t\t<img decoding=\"async\" width=\"2560\" height=\"1707\" src=\"https:\/\/letsboat.se\/wp-content\/uploads\/2024\/03\/MG_7541-min-scaled-1.jpg\" class=\"attachment-full size-full wp-image-1413\" alt=\"\" srcset=\"https:\/\/letsboat.se\/wp-content\/uploads\/2024\/03\/MG_7541-min-scaled-1.jpg 2560w, https:\/\/letsboat.se\/wp-content\/uploads\/2024\/03\/MG_7541-min-scaled-1-300x200.jpg 300w, https:\/\/letsboat.se\/wp-content\/uploads\/2024\/03\/MG_7541-min-scaled-1-1024x683.jpg 1024w, https:\/\/letsboat.se\/wp-content\/uploads\/2024\/03\/MG_7541-min-scaled-1-768x512.jpg 768w, https:\/\/letsboat.se\/wp-content\/uploads\/2024\/03\/MG_7541-min-scaled-1-1536x1024.jpg 1536w, https:\/\/letsboat.se\/wp-content\/uploads\/2024\/03\/MG_7541-min-scaled-1-2048x1366.jpg 2048w\" sizes=\"(max-width: 2560px) 100vw, 2560px\" \/>\t\t\t\t\t\t\t\t\t\t\t\t\t\t\t<\/div>\n\t\t\t\t<\/div>\n\t\t\t\t<\/div>\n\t\t\t\t\t<\/div>\n\t\t\t\t<\/div>\n\t\t\t\t<\/div>\n\t\t","protected":false},"excerpt":{"rendered":"<p>Teambuilding auf unseren Elektrobooten &#8211; schaffen Sie starke Bindungen mit Lets boat! Schenken Sie Ihrem Team einen unvergesslichen Tag mit Lets Boat! Unsere Elektroboote sind ideal f\u00fcr Teambuilding in G\u00f6teborg. Genie\u00dfen Sie das Gleiten auf wundersch\u00f6nen Gew\u00e4ssern und schaffen Sie starke Bindungen und bleibende Erinnerungen. Auf unseren Elektrobooten k\u00f6nnen Sie Essen, Getr\u00e4nke und sogar Alkohol [&hellip;]<\/p>\n","protected":false},"author":1,"featured_media":0,"parent":0,"menu_order":0,"comment_status":"closed","ping_status":"closed","template":"","meta":{"footnotes":""},"class_list":["post-1439","page","type-page","status-publish","hentry"],"yoast_head":"<!-- This site is optimized with the Yoast SEO plugin v25.3.1 - https:\/\/yoast.com\/wordpress\/plugins\/seo\/ -->\n<title>Teambuilding - Let&#039;s Boat<\/title>\n<meta name=\"description\" content=\"Planen Sie ein Teambuilding in G\u00f6teborg? Erkunden Sie die sch\u00f6nen Gew\u00e4sser der Stadt mit einem Elektroboot von Let&#039;s Boat! Schaffen Sie st\u00e4rkere Bindungen und bleibende Erinnerungen.\" \/>\n<meta name=\"robots\" content=\"index, follow, max-snippet:-1, max-image-preview:large, max-video-preview:-1\" \/>\n<link rel=\"canonical\" href=\"https:\/\/letsboat.se\/de\/teambuilding\/\" \/>\n<meta property=\"og:locale\" content=\"de_DE\" \/>\n<meta property=\"og:type\" content=\"article\" \/>\n<meta property=\"og:title\" content=\"Teambuilding - Let&#039;s Boat\" \/>\n<meta property=\"og:description\" content=\"Planen Sie ein Teambuilding in G\u00f6teborg? Erkunden Sie die sch\u00f6nen Gew\u00e4sser der Stadt mit einem Elektroboot von Let&#039;s Boat! Schaffen Sie st\u00e4rkere Bindungen und bleibende Erinnerungen.\" \/>\n<meta property=\"og:url\" content=\"https:\/\/letsboat.se\/de\/teambuilding\/\" \/>\n<meta property=\"og:site_name\" content=\"Let&#039;s Boat\" \/>\n<meta property=\"article:publisher\" content=\"https:\/\/www.facebook.com\/Letsboatgoteborg\" \/>\n<meta property=\"article:modified_time\" content=\"2024-04-22T22:04:12+00:00\" \/>\n<meta property=\"og:image\" content=\"https:\/\/letsboat.se\/wp-content\/uploads\/2024\/04\/letsboat-pictures-2-1-1024x726.jpg\" \/>\n<meta name=\"twitter:card\" content=\"summary_large_image\" \/>\n<meta name=\"twitter:label1\" content=\"Gesch\u00e4tzte Lesezeit\" \/>\n\t<meta name=\"twitter:data1\" content=\"2\u00a0Minuten\" \/>\n<script type=\"application\/ld+json\" class=\"yoast-schema-graph\">{\"@context\":\"https:\/\/schema.org\",\"@graph\":[{\"@type\":\"WebPage\",\"@id\":\"https:\/\/letsboat.se\/de\/teambuilding\/\",\"url\":\"https:\/\/letsboat.se\/de\/teambuilding\/\",\"name\":\"Teambuilding - Let&#039;s Boat\",\"isPartOf\":{\"@id\":\"https:\/\/letsboat.se\/de\/#website\"},\"primaryImageOfPage\":{\"@id\":\"https:\/\/letsboat.se\/de\/teambuilding\/#primaryimage\"},\"image\":{\"@id\":\"https:\/\/letsboat.se\/de\/teambuilding\/#primaryimage\"},\"thumbnailUrl\":\"https:\/\/letsboat.se\/wp-content\/uploads\/2024\/04\/letsboat-pictures-2-1-1024x726.jpg\",\"datePublished\":\"2024-04-11T14:48:14+00:00\",\"dateModified\":\"2024-04-22T22:04:12+00:00\",\"description\":\"Planen Sie ein Teambuilding in G\u00f6teborg? Erkunden Sie die sch\u00f6nen Gew\u00e4sser der Stadt mit einem Elektroboot von Let's Boat! Schaffen Sie st\u00e4rkere Bindungen und bleibende Erinnerungen.\",\"breadcrumb\":{\"@id\":\"https:\/\/letsboat.se\/de\/teambuilding\/#breadcrumb\"},\"inLanguage\":\"de\",\"potentialAction\":[{\"@type\":\"ReadAction\",\"target\":[\"https:\/\/letsboat.se\/de\/teambuilding\/\"]}]},{\"@type\":\"ImageObject\",\"inLanguage\":\"de\",\"@id\":\"https:\/\/letsboat.se\/de\/teambuilding\/#primaryimage\",\"url\":\"https:\/\/letsboat.se\/wp-content\/uploads\/2024\/04\/letsboat-pictures-2-1-1024x726.jpg\",\"contentUrl\":\"https:\/\/letsboat.se\/wp-content\/uploads\/2024\/04\/letsboat-pictures-2-1-1024x726.jpg\"},{\"@type\":\"BreadcrumbList\",\"@id\":\"https:\/\/letsboat.se\/de\/teambuilding\/#breadcrumb\",\"itemListElement\":[{\"@type\":\"ListItem\",\"position\":1,\"name\":\"Home\",\"item\":\"https:\/\/letsboat.se\/de\/\"},{\"@type\":\"ListItem\",\"position\":2,\"name\":\"Teambuilding\"}]},{\"@type\":\"WebSite\",\"@id\":\"https:\/\/letsboat.se\/de\/#website\",\"url\":\"https:\/\/letsboat.se\/de\/\",\"name\":\"Let's Boat\",\"description\":\"Styr din egen elektriska b\u00e5t i G\u00f6teborgs kanaler\",\"publisher\":{\"@id\":\"https:\/\/letsboat.se\/de\/#organization\"},\"potentialAction\":[{\"@type\":\"SearchAction\",\"target\":{\"@type\":\"EntryPoint\",\"urlTemplate\":\"https:\/\/letsboat.se\/de\/?s={search_term_string}\"},\"query-input\":{\"@type\":\"PropertyValueSpecification\",\"valueRequired\":true,\"valueName\":\"search_term_string\"}}],\"inLanguage\":\"de\"},{\"@type\":\"Organization\",\"@id\":\"https:\/\/letsboat.se\/de\/#organization\",\"name\":\"Let's Boat\",\"url\":\"https:\/\/letsboat.se\/de\/\",\"logo\":{\"@type\":\"ImageObject\",\"inLanguage\":\"de\",\"@id\":\"https:\/\/letsboat.se\/de\/#\/schema\/logo\/image\/\",\"url\":\"https:\/\/letsboat.se\/wp-content\/uploads\/2024\/03\/Lets-boat-blue-long.png\",\"contentUrl\":\"https:\/\/letsboat.se\/wp-content\/uploads\/2024\/03\/Lets-boat-blue-long.png\",\"width\":1104,\"height\":284,\"caption\":\"Let's Boat\"},\"image\":{\"@id\":\"https:\/\/letsboat.se\/de\/#\/schema\/logo\/image\/\"},\"sameAs\":[\"https:\/\/www.facebook.com\/Letsboatgoteborg\",\"https:\/\/www.instagram.com\/letsboatgoteborg\/\"]}]}<\/script>\n<!-- \/ Yoast SEO plugin. -->","yoast_head_json":{"title":"Teambuilding - Let&#039;s Boat","description":"Planen Sie ein Teambuilding in G\u00f6teborg? Erkunden Sie die sch\u00f6nen Gew\u00e4sser der Stadt mit einem Elektroboot von Let's Boat! Schaffen Sie st\u00e4rkere Bindungen und bleibende Erinnerungen.","robots":{"index":"index","follow":"follow","max-snippet":"max-snippet:-1","max-image-preview":"max-image-preview:large","max-video-preview":"max-video-preview:-1"},"canonical":"https:\/\/letsboat.se\/de\/teambuilding\/","og_locale":"de_DE","og_type":"article","og_title":"Teambuilding - Let&#039;s Boat","og_description":"Planen Sie ein Teambuilding in G\u00f6teborg? Erkunden Sie die sch\u00f6nen Gew\u00e4sser der Stadt mit einem Elektroboot von Let's Boat! Schaffen Sie st\u00e4rkere Bindungen und bleibende Erinnerungen.","og_url":"https:\/\/letsboat.se\/de\/teambuilding\/","og_site_name":"Let&#039;s Boat","article_publisher":"https:\/\/www.facebook.com\/Letsboatgoteborg","article_modified_time":"2024-04-22T22:04:12+00:00","og_image":[{"url":"https:\/\/letsboat.se\/wp-content\/uploads\/2024\/04\/letsboat-pictures-2-1-1024x726.jpg","type":"","width":"","height":""}],"twitter_card":"summary_large_image","twitter_misc":{"Gesch\u00e4tzte Lesezeit":"2\u00a0Minuten"},"schema":{"@context":"https:\/\/schema.org","@graph":[{"@type":"WebPage","@id":"https:\/\/letsboat.se\/de\/teambuilding\/","url":"https:\/\/letsboat.se\/de\/teambuilding\/","name":"Teambuilding - Let&#039;s Boat","isPartOf":{"@id":"https:\/\/letsboat.se\/de\/#website"},"primaryImageOfPage":{"@id":"https:\/\/letsboat.se\/de\/teambuilding\/#primaryimage"},"image":{"@id":"https:\/\/letsboat.se\/de\/teambuilding\/#primaryimage"},"thumbnailUrl":"https:\/\/letsboat.se\/wp-content\/uploads\/2024\/04\/letsboat-pictures-2-1-1024x726.jpg","datePublished":"2024-04-11T14:48:14+00:00","dateModified":"2024-04-22T22:04:12+00:00","description":"Planen Sie ein Teambuilding in G\u00f6teborg? Erkunden Sie die sch\u00f6nen Gew\u00e4sser der Stadt mit einem Elektroboot von Let's Boat! Schaffen Sie st\u00e4rkere Bindungen und bleibende Erinnerungen.","breadcrumb":{"@id":"https:\/\/letsboat.se\/de\/teambuilding\/#breadcrumb"},"inLanguage":"de","potentialAction":[{"@type":"ReadAction","target":["https:\/\/letsboat.se\/de\/teambuilding\/"]}]},{"@type":"ImageObject","inLanguage":"de","@id":"https:\/\/letsboat.se\/de\/teambuilding\/#primaryimage","url":"https:\/\/letsboat.se\/wp-content\/uploads\/2024\/04\/letsboat-pictures-2-1-1024x726.jpg","contentUrl":"https:\/\/letsboat.se\/wp-content\/uploads\/2024\/04\/letsboat-pictures-2-1-1024x726.jpg"},{"@type":"BreadcrumbList","@id":"https:\/\/letsboat.se\/de\/teambuilding\/#breadcrumb","itemListElement":[{"@type":"ListItem","position":1,"name":"Home","item":"https:\/\/letsboat.se\/de\/"},{"@type":"ListItem","position":2,"name":"Teambuilding"}]},{"@type":"WebSite","@id":"https:\/\/letsboat.se\/de\/#website","url":"https:\/\/letsboat.se\/de\/","name":"Let's Boat","description":"Styr din egen elektriska b\u00e5t i G\u00f6teborgs kanaler","publisher":{"@id":"https:\/\/letsboat.se\/de\/#organization"},"potentialAction":[{"@type":"SearchAction","target":{"@type":"EntryPoint","urlTemplate":"https:\/\/letsboat.se\/de\/?s={search_term_string}"},"query-input":{"@type":"PropertyValueSpecification","valueRequired":true,"valueName":"search_term_string"}}],"inLanguage":"de"},{"@type":"Organization","@id":"https:\/\/letsboat.se\/de\/#organization","name":"Let's Boat","url":"https:\/\/letsboat.se\/de\/","logo":{"@type":"ImageObject","inLanguage":"de","@id":"https:\/\/letsboat.se\/de\/#\/schema\/logo\/image\/","url":"https:\/\/letsboat.se\/wp-content\/uploads\/2024\/03\/Lets-boat-blue-long.png","contentUrl":"https:\/\/letsboat.se\/wp-content\/uploads\/2024\/03\/Lets-boat-blue-long.png","width":1104,"height":284,"caption":"Let's Boat"},"image":{"@id":"https:\/\/letsboat.se\/de\/#\/schema\/logo\/image\/"},"sameAs":["https:\/\/www.facebook.com\/Letsboatgoteborg","https:\/\/www.instagram.com\/letsboatgoteborg\/"]}]}},"_links":{"self":[{"href":"https:\/\/letsboat.se\/de\/wp-json\/wp\/v2\/pages\/1439","targetHints":{"allow":["GET"]}}],"collection":[{"href":"https:\/\/letsboat.se\/de\/wp-json\/wp\/v2\/pages"}],"about":[{"href":"https:\/\/letsboat.se\/de\/wp-json\/wp\/v2\/types\/page"}],"author":[{"embeddable":true,"href":"https:\/\/letsboat.se\/de\/wp-json\/wp\/v2\/users\/1"}],"replies":[{"embeddable":true,"href":"https:\/\/letsboat.se\/de\/wp-json\/wp\/v2\/comments?post=1439"}],"version-history":[{"count":7,"href":"https:\/\/letsboat.se\/de\/wp-json\/wp\/v2\/pages\/1439\/revisions"}],"predecessor-version":[{"id":2027,"href":"https:\/\/letsboat.se\/de\/wp-json\/wp\/v2\/pages\/1439\/revisions\/2027"}],"wp:attachment":[{"href":"https:\/\/letsboat.se\/de\/wp-json\/wp\/v2\/media?parent=1439"}],"curies":[{"name":"wp","href":"https:\/\/api.w.org\/{rel}","templated":true}]}}