{"id":1266,"date":"2024-04-11T12:40:56","date_gmt":"2024-04-11T12:40:56","guid":{"rendered":"https:\/\/letsboat.se\/bachelor-party\/"},"modified":"2024-04-22T22:02:27","modified_gmt":"2024-04-22T22:02:27","slug":"bachelor-party","status":"publish","type":"page","link":"https:\/\/letsboat.se\/en\/bachelor-party\/","title":{"rendered":"Bachelor party"},"content":{"rendered":"\t\t<div data-elementor-type=\"wp-page\" data-elementor-id=\"1266\" class=\"elementor elementor-1266 elementor-1088\" data-elementor-post-type=\"page\">\n\t\t\t\t<div class=\"elementor-element elementor-element-6b914666 e-flex e-con-boxed e-con e-parent\" data-id=\"6b914666\" data-element_type=\"container\" data-settings=\"{&quot;background_background&quot;:&quot;classic&quot;}\">\n\t\t\t\t\t<div class=\"e-con-inner\">\n\t\t<div class=\"elementor-element elementor-element-720da60e e-con-full e-flex e-con e-child\" data-id=\"720da60e\" data-element_type=\"container\">\n\t\t\t\t<div class=\"elementor-element elementor-element-1c7bc6b6 elementor-invisible elementor-widget elementor-widget-heading\" data-id=\"1c7bc6b6\" data-element_type=\"widget\" data-settings=\"{&quot;_animation&quot;:&quot;fadeIn&quot;}\" data-widget_type=\"heading.default\">\n\t\t\t\t<div class=\"elementor-widget-container\">\n\t\t\t\t\t<h1 class=\"elementor-heading-title elementor-size-default\">Celebrate a bachelorette party in Gothenburg on our electric boats with Lets boat!<\/h1>\t\t\t\t<\/div>\n\t\t\t\t<\/div>\n\t\t\t\t<div class=\"elementor-element elementor-element-7baf1a2a elementor-widget elementor-widget-text-editor\" data-id=\"7baf1a2a\" data-element_type=\"widget\" data-widget_type=\"text-editor.default\">\n\t\t\t\t<div class=\"elementor-widget-container\">\n\t\t\t\t\t\t\t\t\t<p>Want to make your hen party an unforgettable experience? Celebrate a bachelorette party in Gothenburg on the sea with Lets Boat! Rent one of our electric boats and give the bride a memory for life! Lets Boat offers the perfect venue for a hen party with a touch of adventure and luxury. Enjoy a day on the water with the bridal party, make fun memories and celebrate the bride in the best possible way. On our electric boats, you are allowed to bring food, drinks and snacks to make the day extra special. Book your hen party with us at Lets Boat today and let the adventure on the beautiful waters of Gothenburg begin!<\/p>\n\t\t\t\t\t\t\t\t<\/div>\n\t\t\t\t<\/div>\n\t\t\t\t<div class=\"elementor-element elementor-element-ed83d24 elementor-invisible elementor-widget elementor-widget-heading\" data-id=\"ed83d24\" data-element_type=\"widget\" data-settings=\"{&quot;_animation&quot;:&quot;fadeIn&quot;}\" data-widget_type=\"heading.default\">\n\t\t\t\t<div class=\"elementor-widget-container\">\n\t\t\t\t\t<h2 class=\"elementor-heading-title elementor-size-default\">Enjoy your food and drink on board.<\/h2>\t\t\t\t<\/div>\n\t\t\t\t<\/div>\n\t\t\t\t<div class=\"elementor-element elementor-element-2a438ac4 elementor-widget elementor-widget-text-editor\" data-id=\"2a438ac4\" data-element_type=\"widget\" data-widget_type=\"text-editor.default\">\n\t\t\t\t<div class=\"elementor-widget-container\">\n\t\t\t\t\t\t\t\t\t<p>Set sail for an extraordinary hen party! Celebrate a bachelorette party in Gothenburg on the sea with Lets Boat! Rent one of our electric boats and give the bride a memory for life! Lets Boat offers the perfect location for your party &#8211; on a quiet and environmentally friendly electric boat. Enjoy a trip filled with fun, adventure and laughter on the water, where you are free to bring food, drink and of course alcohol to spice up the party. Prepare a delicious meal and keep the drinks flowing as you travel. Our dock is always manned so you can feel safe and secure during your day on the water. Create a memory for life and book your hen party with us at Lets Boat today! Let the party begin on undulating water!<\/p>\t\t\t\t\t\t\t\t<\/div>\n\t\t\t\t<\/div>\n\t\t\t\t<\/div>\n\t\t<div class=\"elementor-element elementor-element-691f24b9 e-con-full e-flex e-con e-child\" data-id=\"691f24b9\" data-element_type=\"container\">\n\t\t\t\t<div class=\"elementor-element elementor-element-31c60f8a elementor-widget elementor-widget-image\" data-id=\"31c60f8a\" data-element_type=\"widget\" data-widget_type=\"image.default\">\n\t\t\t\t<div class=\"elementor-widget-container\">\n\t\t\t\t\t\t\t\t\t\t\t\t\t\t\t<img fetchpriority=\"high\" decoding=\"async\" width=\"800\" height=\"567\" src=\"https:\/\/letsboat.se\/wp-content\/uploads\/2024\/04\/letsboat-pictures-1-1024x726.png\" class=\"attachment-large size-large wp-image-1097\" alt=\"En sp\u00e4nnande m\u00f6hippa i en av v\u00e5ra elb\u00e5tar\" srcset=\"https:\/\/letsboat.se\/wp-content\/uploads\/2024\/04\/letsboat-pictures-1-1024x726.png 1024w, https:\/\/letsboat.se\/wp-content\/uploads\/2024\/04\/letsboat-pictures-1-300x213.png 300w, https:\/\/letsboat.se\/wp-content\/uploads\/2024\/04\/letsboat-pictures-1-768x545.png 768w, https:\/\/letsboat.se\/wp-content\/uploads\/2024\/04\/letsboat-pictures-1-1536x1090.png 1536w, https:\/\/letsboat.se\/wp-content\/uploads\/2024\/04\/letsboat-pictures-1.png 1748w\" sizes=\"(max-width: 800px) 100vw, 800px\" \/>\t\t\t\t\t\t\t\t\t\t\t\t\t\t\t<\/div>\n\t\t\t\t<\/div>\n\t\t\t\t<\/div>\n\t\t\t\t\t<\/div>\n\t\t\t\t<\/div>\n\t\t<div class=\"elementor-element elementor-element-1fd3d756 e-flex e-con-boxed e-con e-parent\" data-id=\"1fd3d756\" data-element_type=\"container\" data-settings=\"{&quot;background_background&quot;:&quot;gradient&quot;,&quot;shape_divider_top&quot;:&quot;waves&quot;}\">\n\t\t\t\t\t<div class=\"e-con-inner\">\n\t\t\t\t<div class=\"elementor-shape elementor-shape-top\" aria-hidden=\"true\" data-negative=\"false\">\n\t\t\t<svg xmlns=\"http:\/\/www.w3.org\/2000\/svg\" viewBox=\"0 0 1000 100\" preserveAspectRatio=\"none\">\n\t<path class=\"elementor-shape-fill\" d=\"M421.9,6.5c22.6-2.5,51.5,0.4,75.5,5.3c23.6,4.9,70.9,23.5,100.5,35.7c75.8,32.2,133.7,44.5,192.6,49.7\n\tc23.6,2.1,48.7,3.5,103.4-2.5c54.7-6,106.2-25.6,106.2-25.6V0H0v30.3c0,0,72,32.6,158.4,30.5c39.2-0.7,92.8-6.7,134-22.4\n\tc21.2-8.1,52.2-18.2,79.7-24.2C399.3,7.9,411.6,7.5,421.9,6.5z\"\/>\n<\/svg>\t\t<\/div>\n\t\t<div class=\"elementor-element elementor-element-4c16afe7 e-con-full e-flex e-con e-child\" data-id=\"4c16afe7\" data-element_type=\"container\">\n\t\t\t\t<div class=\"elementor-element elementor-element-712bea53 elementor-widget elementor-widget-heading\" data-id=\"712bea53\" data-element_type=\"widget\" data-widget_type=\"heading.default\">\n\t\t\t\t<div class=\"elementor-widget-container\">\n\t\t\t\t\t<h4 class=\"elementor-heading-title elementor-size-default\">Want to know more?<\/h4>\t\t\t\t<\/div>\n\t\t\t\t<\/div>\n\t\t\t\t<div class=\"elementor-element elementor-element-33323126 elementor-mobile-align-center elementor-widget elementor-widget-button\" data-id=\"33323126\" data-element_type=\"widget\" data-widget_type=\"button.default\">\n\t\t\t\t<div class=\"elementor-widget-container\">\n\t\t\t\t\t\t\t\t\t<div class=\"elementor-button-wrapper\">\n\t\t\t\t\t<a class=\"elementor-button elementor-button-link elementor-size-md\" href=\"https:\/\/letsboat.nokmi.se\/en\/rent-boat-in-gothenburg\/\">\n\t\t\t\t\t\t<span class=\"elementor-button-content-wrapper\">\n\t\t\t\t\t\t<span class=\"elementor-button-icon\">\n\t\t\t\t<svg aria-hidden=\"true\" class=\"e-font-icon-svg e-fas-arrow-right\" viewBox=\"0 0 448 512\" xmlns=\"http:\/\/www.w3.org\/2000\/svg\"><path d=\"M190.5 66.9l22.2-22.2c9.4-9.4 24.6-9.4 33.9 0L441 239c9.4 9.4 9.4 24.6 0 33.9L246.6 467.3c-9.4 9.4-24.6 9.4-33.9 0l-22.2-22.2c-9.5-9.5-9.3-25 .4-34.3L311.4 296H24c-13.3 0-24-10.7-24-24v-32c0-13.3 10.7-24 24-24h287.4L190.9 101.2c-9.8-9.3-10-24.8-.4-34.3z\"><\/path><\/svg>\t\t\t<\/span>\n\t\t\t\t\t\t\t\t\t<span class=\"elementor-button-text\">Read more<\/span>\n\t\t\t\t\t<\/span>\n\t\t\t\t\t<\/a>\n\t\t\t\t<\/div>\n\t\t\t\t\t\t\t\t<\/div>\n\t\t\t\t<\/div>\n\t\t\t\t<\/div>\n\t\t<div class=\"elementor-element elementor-element-761fa2c5 e-con-full e-flex e-con e-child\" data-id=\"761fa2c5\" data-element_type=\"container\">\n\t\t\t\t<div class=\"elementor-element elementor-element-6cf39fdf elementor-widget elementor-widget-image\" data-id=\"6cf39fdf\" data-element_type=\"widget\" data-settings=\"{&quot;motion_fx_motion_fx_scrolling&quot;:&quot;yes&quot;,&quot;motion_fx_translateY_effect&quot;:&quot;yes&quot;,&quot;motion_fx_translateY_direction&quot;:&quot;negative&quot;,&quot;motion_fx_translateY_speed&quot;:{&quot;unit&quot;:&quot;px&quot;,&quot;size&quot;:&quot;1&quot;,&quot;sizes&quot;:[]},&quot;motion_fx_devices&quot;:[&quot;desktop&quot;,&quot;tablet&quot;],&quot;motion_fx_translateY_affectedRange&quot;:{&quot;unit&quot;:&quot;%&quot;,&quot;size&quot;:&quot;&quot;,&quot;sizes&quot;:{&quot;start&quot;:&quot;0&quot;,&quot;end&quot;:&quot;50&quot;}}}\" data-widget_type=\"image.default\">\n\t\t\t\t<div class=\"elementor-widget-container\">\n\t\t\t\t\t\t\t\t\t\t\t\t\t\t\t<img decoding=\"async\" width=\"2560\" height=\"1707\" src=\"https:\/\/letsboat.se\/wp-content\/uploads\/2024\/03\/MG_7541-min-scaled-1.jpg\" class=\"attachment-full size-full wp-image-926\" alt=\"\" srcset=\"https:\/\/letsboat.se\/wp-content\/uploads\/2024\/03\/MG_7541-min-scaled-1.jpg 2560w, https:\/\/letsboat.se\/wp-content\/uploads\/2024\/03\/MG_7541-min-scaled-1-300x200.jpg 300w, https:\/\/letsboat.se\/wp-content\/uploads\/2024\/03\/MG_7541-min-scaled-1-1024x683.jpg 1024w, https:\/\/letsboat.se\/wp-content\/uploads\/2024\/03\/MG_7541-min-scaled-1-768x512.jpg 768w, https:\/\/letsboat.se\/wp-content\/uploads\/2024\/03\/MG_7541-min-scaled-1-1536x1024.jpg 1536w, https:\/\/letsboat.se\/wp-content\/uploads\/2024\/03\/MG_7541-min-scaled-1-2048x1366.jpg 2048w\" sizes=\"(max-width: 2560px) 100vw, 2560px\" \/>\t\t\t\t\t\t\t\t\t\t\t\t\t\t\t<\/div>\n\t\t\t\t<\/div>\n\t\t\t\t<\/div>\n\t\t\t\t\t<\/div>\n\t\t\t\t<\/div>\n\t\t\t\t<\/div>\n\t\t","protected":false},"excerpt":{"rendered":"<p>Celebrate a bachelorette party in Gothenburg on our electric boats with Lets boat! Want to make your hen party an unforgettable experience? Celebrate a bachelorette party in Gothenburg on the sea with Lets Boat! Rent one of our electric boats and give the bride a memory for life! Lets Boat offers the perfect venue for [&hellip;]<\/p>\n","protected":false},"author":1,"featured_media":0,"parent":0,"menu_order":0,"comment_status":"closed","ping_status":"closed","template":"","meta":{"footnotes":""},"class_list":["post-1266","page","type-page","status-publish","hentry"],"yoast_head":"<!-- This site is optimized with the Yoast SEO plugin v25.3.1 - https:\/\/yoast.com\/wordpress\/plugins\/seo\/ -->\n<title>Bachelor party - Let&#039;s Boat<\/title>\n<meta name=\"description\" content=\"Celebrate a bachelorette party in Gothenburg on the sea with Lets Boat! Rent an electric boat for a unique, memorable experience!\" \/>\n<meta name=\"robots\" content=\"index, follow, max-snippet:-1, max-image-preview:large, max-video-preview:-1\" \/>\n<link rel=\"canonical\" href=\"https:\/\/letsboat.se\/en\/bachelor-party\/\" \/>\n<meta property=\"og:locale\" content=\"en_US\" \/>\n<meta property=\"og:type\" content=\"article\" \/>\n<meta property=\"og:title\" content=\"Bachelor party - Let&#039;s Boat\" \/>\n<meta property=\"og:description\" content=\"Celebrate a bachelorette party in Gothenburg on the sea with Lets Boat! Rent an electric boat for a unique, memorable experience!\" \/>\n<meta property=\"og:url\" content=\"https:\/\/letsboat.se\/en\/bachelor-party\/\" \/>\n<meta property=\"og:site_name\" content=\"Let&#039;s Boat\" \/>\n<meta property=\"article:publisher\" content=\"https:\/\/www.facebook.com\/Letsboatgoteborg\" \/>\n<meta property=\"article:modified_time\" content=\"2024-04-22T22:02:27+00:00\" \/>\n<meta property=\"og:image\" content=\"https:\/\/letsboat.se\/wp-content\/uploads\/2024\/04\/letsboat-pictures-1-1024x726.png\" \/>\n<meta name=\"twitter:card\" content=\"summary_large_image\" \/>\n<meta name=\"twitter:label1\" content=\"Est. reading time\" \/>\n\t<meta name=\"twitter:data1\" content=\"2 minutes\" \/>\n<script type=\"application\/ld+json\" class=\"yoast-schema-graph\">{\"@context\":\"https:\/\/schema.org\",\"@graph\":[{\"@type\":\"WebPage\",\"@id\":\"https:\/\/letsboat.se\/en\/bachelor-party\/\",\"url\":\"https:\/\/letsboat.se\/en\/bachelor-party\/\",\"name\":\"Bachelor party - Let&#039;s Boat\",\"isPartOf\":{\"@id\":\"https:\/\/letsboat.se\/en\/#website\"},\"primaryImageOfPage\":{\"@id\":\"https:\/\/letsboat.se\/en\/bachelor-party\/#primaryimage\"},\"image\":{\"@id\":\"https:\/\/letsboat.se\/en\/bachelor-party\/#primaryimage\"},\"thumbnailUrl\":\"https:\/\/letsboat.se\/wp-content\/uploads\/2024\/04\/letsboat-pictures-1-1024x726.png\",\"datePublished\":\"2024-04-11T12:40:56+00:00\",\"dateModified\":\"2024-04-22T22:02:27+00:00\",\"description\":\"Celebrate a bachelorette party in Gothenburg on the sea with Lets Boat! Rent an electric boat for a unique, memorable experience!\",\"breadcrumb\":{\"@id\":\"https:\/\/letsboat.se\/en\/bachelor-party\/#breadcrumb\"},\"inLanguage\":\"en-US\",\"potentialAction\":[{\"@type\":\"ReadAction\",\"target\":[\"https:\/\/letsboat.se\/en\/bachelor-party\/\"]}]},{\"@type\":\"ImageObject\",\"inLanguage\":\"en-US\",\"@id\":\"https:\/\/letsboat.se\/en\/bachelor-party\/#primaryimage\",\"url\":\"https:\/\/letsboat.se\/wp-content\/uploads\/2024\/04\/letsboat-pictures-1-1024x726.png\",\"contentUrl\":\"https:\/\/letsboat.se\/wp-content\/uploads\/2024\/04\/letsboat-pictures-1-1024x726.png\"},{\"@type\":\"BreadcrumbList\",\"@id\":\"https:\/\/letsboat.se\/en\/bachelor-party\/#breadcrumb\",\"itemListElement\":[{\"@type\":\"ListItem\",\"position\":1,\"name\":\"Home\",\"item\":\"https:\/\/letsboat.se\/en\/\"},{\"@type\":\"ListItem\",\"position\":2,\"name\":\"Bachelor party\"}]},{\"@type\":\"WebSite\",\"@id\":\"https:\/\/letsboat.se\/en\/#website\",\"url\":\"https:\/\/letsboat.se\/en\/\",\"name\":\"Let's Boat\",\"description\":\"Styr din egen elektriska b\u00e5t i G\u00f6teborgs kanaler\",\"publisher\":{\"@id\":\"https:\/\/letsboat.se\/en\/#organization\"},\"potentialAction\":[{\"@type\":\"SearchAction\",\"target\":{\"@type\":\"EntryPoint\",\"urlTemplate\":\"https:\/\/letsboat.se\/en\/?s={search_term_string}\"},\"query-input\":{\"@type\":\"PropertyValueSpecification\",\"valueRequired\":true,\"valueName\":\"search_term_string\"}}],\"inLanguage\":\"en-US\"},{\"@type\":\"Organization\",\"@id\":\"https:\/\/letsboat.se\/en\/#organization\",\"name\":\"Let's Boat\",\"url\":\"https:\/\/letsboat.se\/en\/\",\"logo\":{\"@type\":\"ImageObject\",\"inLanguage\":\"en-US\",\"@id\":\"https:\/\/letsboat.se\/en\/#\/schema\/logo\/image\/\",\"url\":\"https:\/\/letsboat.se\/wp-content\/uploads\/2024\/03\/Lets-boat-blue-long.png\",\"contentUrl\":\"https:\/\/letsboat.se\/wp-content\/uploads\/2024\/03\/Lets-boat-blue-long.png\",\"width\":1104,\"height\":284,\"caption\":\"Let's Boat\"},\"image\":{\"@id\":\"https:\/\/letsboat.se\/en\/#\/schema\/logo\/image\/\"},\"sameAs\":[\"https:\/\/www.facebook.com\/Letsboatgoteborg\",\"https:\/\/www.instagram.com\/letsboatgoteborg\/\"]}]}<\/script>\n<!-- \/ Yoast SEO plugin. -->","yoast_head_json":{"title":"Bachelor party - Let&#039;s Boat","description":"Celebrate a bachelorette party in Gothenburg on the sea with Lets Boat! Rent an electric boat for a unique, memorable experience!","robots":{"index":"index","follow":"follow","max-snippet":"max-snippet:-1","max-image-preview":"max-image-preview:large","max-video-preview":"max-video-preview:-1"},"canonical":"https:\/\/letsboat.se\/en\/bachelor-party\/","og_locale":"en_US","og_type":"article","og_title":"Bachelor party - Let&#039;s Boat","og_description":"Celebrate a bachelorette party in Gothenburg on the sea with Lets Boat! Rent an electric boat for a unique, memorable experience!","og_url":"https:\/\/letsboat.se\/en\/bachelor-party\/","og_site_name":"Let&#039;s Boat","article_publisher":"https:\/\/www.facebook.com\/Letsboatgoteborg","article_modified_time":"2024-04-22T22:02:27+00:00","og_image":[{"url":"https:\/\/letsboat.se\/wp-content\/uploads\/2024\/04\/letsboat-pictures-1-1024x726.png","type":"","width":"","height":""}],"twitter_card":"summary_large_image","twitter_misc":{"Est. reading time":"2 minutes"},"schema":{"@context":"https:\/\/schema.org","@graph":[{"@type":"WebPage","@id":"https:\/\/letsboat.se\/en\/bachelor-party\/","url":"https:\/\/letsboat.se\/en\/bachelor-party\/","name":"Bachelor party - Let&#039;s Boat","isPartOf":{"@id":"https:\/\/letsboat.se\/en\/#website"},"primaryImageOfPage":{"@id":"https:\/\/letsboat.se\/en\/bachelor-party\/#primaryimage"},"image":{"@id":"https:\/\/letsboat.se\/en\/bachelor-party\/#primaryimage"},"thumbnailUrl":"https:\/\/letsboat.se\/wp-content\/uploads\/2024\/04\/letsboat-pictures-1-1024x726.png","datePublished":"2024-04-11T12:40:56+00:00","dateModified":"2024-04-22T22:02:27+00:00","description":"Celebrate a bachelorette party in Gothenburg on the sea with Lets Boat! Rent an electric boat for a unique, memorable experience!","breadcrumb":{"@id":"https:\/\/letsboat.se\/en\/bachelor-party\/#breadcrumb"},"inLanguage":"en-US","potentialAction":[{"@type":"ReadAction","target":["https:\/\/letsboat.se\/en\/bachelor-party\/"]}]},{"@type":"ImageObject","inLanguage":"en-US","@id":"https:\/\/letsboat.se\/en\/bachelor-party\/#primaryimage","url":"https:\/\/letsboat.se\/wp-content\/uploads\/2024\/04\/letsboat-pictures-1-1024x726.png","contentUrl":"https:\/\/letsboat.se\/wp-content\/uploads\/2024\/04\/letsboat-pictures-1-1024x726.png"},{"@type":"BreadcrumbList","@id":"https:\/\/letsboat.se\/en\/bachelor-party\/#breadcrumb","itemListElement":[{"@type":"ListItem","position":1,"name":"Home","item":"https:\/\/letsboat.se\/en\/"},{"@type":"ListItem","position":2,"name":"Bachelor party"}]},{"@type":"WebSite","@id":"https:\/\/letsboat.se\/en\/#website","url":"https:\/\/letsboat.se\/en\/","name":"Let's Boat","description":"Styr din egen elektriska b\u00e5t i G\u00f6teborgs kanaler","publisher":{"@id":"https:\/\/letsboat.se\/en\/#organization"},"potentialAction":[{"@type":"SearchAction","target":{"@type":"EntryPoint","urlTemplate":"https:\/\/letsboat.se\/en\/?s={search_term_string}"},"query-input":{"@type":"PropertyValueSpecification","valueRequired":true,"valueName":"search_term_string"}}],"inLanguage":"en-US"},{"@type":"Organization","@id":"https:\/\/letsboat.se\/en\/#organization","name":"Let's Boat","url":"https:\/\/letsboat.se\/en\/","logo":{"@type":"ImageObject","inLanguage":"en-US","@id":"https:\/\/letsboat.se\/en\/#\/schema\/logo\/image\/","url":"https:\/\/letsboat.se\/wp-content\/uploads\/2024\/03\/Lets-boat-blue-long.png","contentUrl":"https:\/\/letsboat.se\/wp-content\/uploads\/2024\/03\/Lets-boat-blue-long.png","width":1104,"height":284,"caption":"Let's Boat"},"image":{"@id":"https:\/\/letsboat.se\/en\/#\/schema\/logo\/image\/"},"sameAs":["https:\/\/www.facebook.com\/Letsboatgoteborg","https:\/\/www.instagram.com\/letsboatgoteborg\/"]}]}},"_links":{"self":[{"href":"https:\/\/letsboat.se\/en\/wp-json\/wp\/v2\/pages\/1266","targetHints":{"allow":["GET"]}}],"collection":[{"href":"https:\/\/letsboat.se\/en\/wp-json\/wp\/v2\/pages"}],"about":[{"href":"https:\/\/letsboat.se\/en\/wp-json\/wp\/v2\/types\/page"}],"author":[{"embeddable":true,"href":"https:\/\/letsboat.se\/en\/wp-json\/wp\/v2\/users\/1"}],"replies":[{"embeddable":true,"href":"https:\/\/letsboat.se\/en\/wp-json\/wp\/v2\/comments?post=1266"}],"version-history":[{"count":18,"href":"https:\/\/letsboat.se\/en\/wp-json\/wp\/v2\/pages\/1266\/revisions"}],"predecessor-version":[{"id":2000,"href":"https:\/\/letsboat.se\/en\/wp-json\/wp\/v2\/pages\/1266\/revisions\/2000"}],"wp:attachment":[{"href":"https:\/\/letsboat.se\/en\/wp-json\/wp\/v2\/media?parent=1266"}],"curies":[{"name":"wp","href":"https:\/\/api.w.org\/{rel}","templated":true}]}}